{"id":666,"date":"2020-03-23T12:44:27","date_gmt":"2020-03-23T11:44:27","guid":{"rendered":"http:\/\/www.inap.no\/inwp\/?page_id=666"},"modified":"2025-05-13T12:02:12","modified_gmt":"2025-05-13T10:02:12","slug":"om-inap","status":"publish","type":"page","link":"http:\/\/www.inap.no\/inwp\/om-inap\/","title":{"rendered":"OM INAP"},"content":{"rendered":"<p>[et_pb_section fb_built=&raquo;1&#8243; _builder_version=&raquo;4.0.9&#8243;][et_pb_row _builder_version=&raquo;4.0.9&#8243;][et_pb_column type=&raquo;4_4&#8243; _builder_version=&raquo;4.0.9&#8243;][et_pb_text _builder_version=&raquo;4.0.9&#8243; text_font=&raquo;Montserrat|700|||||||&raquo; text_text_color=&raquo;#000000&#8243; text_font_size=&raquo;39px&raquo;]<\/p>\n<p style=\"text-align: center;\">OM INAP<\/p>\n<p>[\/et_pb_text][\/et_pb_column][\/et_pb_row][\/et_pb_section][et_pb_section fb_built=&raquo;1&#8243; prev_background_color=&raquo;#ffffff&raquo; next_background_color=&raquo;#ffffff&raquo; _builder_version=&raquo;4.0.9&#8243; background_color=&raquo;#38f9d7&#8243; top_divider_style=&raquo;wave2&#8243; bottom_divider_style=&raquo;curve2&#8243;][et_pb_row column_structure=&raquo;1_3,1_3,1_3&#8243; _builder_version=&raquo;4.0.9&#8243; min_height=&raquo;773px&raquo; custom_margin=&raquo;28px|auto||auto||&raquo;][et_pb_column type=&raquo;1_3&#8243; _builder_version=&raquo;4.0.9&#8243;][et_pb_text _builder_version=&raquo;4.0.9&#8243; background_color=&raquo;#ffffff&raquo; custom_padding=&raquo;20px|20px|20px|20px|false|false&raquo; box_shadow_style=&raquo;preset2&#8243;]<\/p>\n<p class=\"ArialAlt\" style=\"text-align: center;\"><strong>OM INAP<\/strong><span><span face=\"Times New Roman,Times\"><span size=\"+0\"><span class=\"ArialAlt\"><\/span><\/span><\/span><\/span><\/p>\n<p class=\"ArialAlt\"><span><\/span><\/p>\n<p class=\"ArialAlt\"><span><span face=\"Times New Roman,Times\"><span size=\"+0\"><span class=\"ArialAlt\">INAP er en ideell stiftelse for forskning, forskningsformidling, utvikling og nettverk som bygger p\u00e5 Nyborg-modellen. Den pedagogiske grunnlagstenkningen er utviklet og dokumentert av professor Magne Nyborg (1927-1996), i samarbeid med flere medarbeidere.<br \/> <\/span><\/span><\/span><span class=\"ArialAlt\"><br \/> <span face=\"Times New Roman,Times\"><span size=\"+0\" class=\"ArialAlt1\">Sentralt i Nyborg-modellen st\u00e5r systematisk begrepsundervisning &#8211; en undervisningsmetode knyttet til systematisk begreps-, spr\u00e5k- og ferdighetsoppl\u00e6ring innen et hvert fag eller kunnskapsomr\u00e5de.<\/span><\/span><\/span><\/span><\/p>\n<p class=\"ArialAlt\"><span>INAP skal fungere som et nettverk for kompetanse for f\u00f8lgende omr\u00e5der:<\/span><\/p>\n<ul>\n<li><span class=\"ArialAlt1\"><span size=\"+0\">Gi barn og unge hjelp til \u00e5 l\u00e6re bedre ved oppl\u00e6ring og undervisning som gir grunnlag for begrepsmessig forst\u00e5else.<\/span><\/span><\/li>\n<li><span class=\"ArialAlt1\"><span size=\"+0\">St\u00f8tte foreldre i \u00e5 ut\u00f8ve ansvaret for barnas oppl\u00e6ring.<\/span><\/span><\/li>\n<li><span class=\"ArialAlt1\"><span size=\"+0\">Legge til rette for at pedagoger kan oppn\u00e5 bedre innsikt i det \u00e5 tilrettelegge l\u00e6ring innen alle fag.<\/span><\/span><\/li>\n<li><span class=\"ArialAlt1\"><span size=\"+0\">St\u00f8tte pedagoger som ut fra praksis \u00f8nsker \u00e5 gjennomf\u00f8re anvendt forskning og prosjekter i barnehage og skole.<\/span><\/span><\/li>\n<li><span class=\"ArialAlt1\"><span size=\"+0\">V\u00e6re tilgjengelig med konsulent-tjenester p\u00e5 felter der vi har bygget opp b\u00e5de forskningsmessig og praktisk-pedagogisk kompetanse.<\/span><\/span><\/li>\n<li class=\"ArialAlt\"><span>Delta direkte eller indirekte ved medarbeidere i forsknings- og utviklingsarbeider som baserer seg p\u00e5 Magne Nyborgs arbeider.<\/span><\/li>\n<\/ul>\n<p>[\/et_pb_text][\/et_pb_column][et_pb_column type=&raquo;1_3&#8243; _builder_version=&raquo;4.0.9&#8243;][et_pb_text _builder_version=&raquo;4.0.9&#8243; background_color=&raquo;#ffffff&raquo; custom_padding=&raquo;20px|20px|20px|20px|false|false&raquo; box_shadow_style=&raquo;preset2&#8243;]<\/p>\n<p class=\"ArialAlt\" style=\"text-align: center;\"><strong>STIFTELSEN<\/strong><span><span face=\"Times New Roman,Times\"><span size=\"+0\"><span class=\"ArialAlt\"><\/span><\/span><\/span><\/span><\/p>\n<p class=\"ArialAlt\"><span><\/span><\/p>\n<p class=\"ArialAlt\">INAP ble stiftet som en ideel stiftelse i 1988 av Magne Nyborg og flere medarbeidere. Form\u00e5let med stiftelsen er som nevnt i INAPs vedtekter:<\/p>\n<p class=\"ArialAlt\">\u00a72:<br \/>Stiftelsens form\u00e5l er oppl\u00e6ring, undervisning og videreutdanning av pedagoger og pedagogisk-psykologiske r\u00e5dgivere, kombinert med utviklingsarbeid og forskning. Dvs., med s\u00e6rlig vekt p\u00e5 nyere forskning omkring begreper og begrepsl\u00e6ring i alle slags l\u00e6ring og oppl\u00e6ring.<\/p>\n<p class=\"ArialAlt\">Veiene for \u00e5 n\u00e5 disse m\u00e5lene er mange. Det kan nevnes kursing p\u00e5 ulike niv\u00e5er, undervisnng av enkeltelever med l\u00e6revansker, foreldregrupper,forskergruppe, nettverksarbeid for fagpersoner og medlemsarbeid, forlagsvirksomhet, utvikling av materiell og internasjonalt samarbeid. Disse aktivitetene er stort sett i funksjon, enten direkte via INAP eller indirekte via fagpersoner tilknyttet INAP.<\/p>\n<ul><\/ul>\n<p>[\/et_pb_text][\/et_pb_column][et_pb_column type=&raquo;1_3&#8243; _builder_version=&raquo;4.0.9&#8243;][et_pb_text _builder_version=&raquo;4.0.9&#8243; background_color=&raquo;#ffffff&raquo; custom_padding=&raquo;20px|20px|20px|20px|false|false&raquo; box_shadow_style=&raquo;preset2&#8243;]<\/p>\n<p class=\"ArialAlt\" style=\"text-align: center;\"><strong>MEDLEMSKAP<br \/> <\/strong><span style=\"font-size: 14px; text-align: left;\">\u00a0<\/span><\/p>\n<p><strong><span style=\"font-size: 14px;\">INAP er en medlemsstiftelse.<\/span><span style=\"font-size: 14px;\">\u00a0<\/span><\/strong><\/p>\n<p>&nbsp;<\/p>\n<p>Personlig medlemskap: 340 pr \u00e5r<\/p>\n<p><span style=\"font-size: 14px;\">Organisasjonsmedlemskap: 750 pr \u00e5r<\/span><\/p>\n<p>&nbsp;<\/p>\n<p><strong style=\"font-size: 14px;\">Medlemskap gir adgang til:<\/strong><\/p>\n<ul>\n<li>\u00a0<span style=\"font-size: 14px;\">Nyhetsbrev<\/span><\/li>\n<\/ul>\n<ul>\n<li>Gratis deltakelse p\u00e5 fagwebinarer\/nettverkssamlinger\n<p><\/li>\n<\/ul>\n<p><span style=\"font-size: 14px;\">\u00a0<\/span><\/p>\n<p>[\/et_pb_text][et_pb_button button_url=&raquo;https:\/\/www.inap.no\/inwp\/innmelding\/&raquo; button_text=&raquo;Bli medlem&raquo; button_alignment=&raquo;center&raquo; _builder_version=&raquo;4.0.9&#8243; custom_button=&raquo;on&raquo; button_text_color=&raquo;#ffffff&raquo; button_bg_color=&raquo;#12876f&raquo; button_border_color=&raquo;rgba(0,0,0,0)&raquo; button_border_radius=&raquo;27px&raquo; button_icon=&raquo;%%259%%&raquo; button_icon_color=&raquo;#ffffff&raquo; background_layout=&raquo;dark&raquo;][\/et_pb_button][\/et_pb_column][\/et_pb_row][\/et_pb_section][et_pb_section fb_built=&raquo;1&#8243; _builder_version=&raquo;4.0.9&#8243; link_option_url=&raquo;styret&raquo;][et_pb_row _builder_version=&raquo;4.0.9&#8243;][et_pb_column type=&raquo;4_4&#8243; _builder_version=&raquo;4.0.9&#8243;][et_pb_text _builder_version=&raquo;4.0.9&#8243; text_font=&raquo;Montserrat|700|||||||&raquo; text_font_size=&raquo;30px&raquo; link_option_url=&raquo;#styret&raquo;]<\/p>\n<p style=\"text-align: center;\">STYRET<\/p>\n<p>[\/et_pb_text][\/et_pb_column][\/et_pb_row][et_pb_row column_structure=&raquo;1_3,1_3,1_3&#8243; _builder_version=&raquo;4.0.9&#8243;][et_pb_column type=&raquo;1_3&#8243; _builder_version=&raquo;4.0.9&#8243;][et_pb_image src=&raquo;http:\/\/www.inap.no\/inwp\/wp-content\/uploads\/2020\/03\/Magnus-Nyborg-e1584966134491.jpg&raquo; align=&raquo;center&raquo; _builder_version=&raquo;4.0.9&#8243; box_shadow_style=&raquo;preset2&#8243;][\/et_pb_image][et_pb_text _builder_version=&raquo;4.0.9&#8243; text_font=&raquo;Montserrat||||||||&raquo;]<\/p>\n<p><strong>FORMANN<\/strong><\/p>\n<p>Cand.med.vet Magnus Nyborg<\/p>\n<p>Som s\u00f8nn av Magne og Ragnhild Nyborg, har Magnus ansvaret for de ideelle rettighetene for deres forkningsarbeider og litteratur.<br \/>Magnus er veterin\u00e6r og daglig leder av Kvam Veterin\u00e6rkontor AS.\u00a0<span>Han har ansvar for regnskap og er aktiv i strategi- og utviklingsarbeidet i kompetansefirmaet Nyborg Pedagogikk.<\/span><\/p>\n<p>[\/et_pb_text][\/et_pb_column][et_pb_column type=&raquo;1_3&#8243; _builder_version=&raquo;4.0.9&#8243;][et_pb_image src=&raquo;http:\/\/www.inap.no\/inwp\/wp-content\/uploads\/2020\/03\/Andreas-Hansen-e1584966105510.jpeg&raquo; align=&raquo;center&raquo; _builder_version=&raquo;4.0.9&#8243; box_shadow_style=&raquo;preset2&#8243;][\/et_pb_image][et_pb_text _builder_version=&raquo;4.0.9&#8243; text_font=&raquo;Montserrat||||||||&raquo;]<\/p>\n<p><strong>STYREMEDLEM<\/strong>\u00a0<\/p>\n<p>\u00a0<span style=\"font-size: 14px;\">Dr.polit. Andreas Hansen<\/span><\/p>\n<p>Han arbeider med prosjekter og etterutdanning knyttet til begrepsl\u00e6ring og<br \/> begrepsundervisning i Statped Nord frem til oktober 14. Etter det videref\u00f8res det pedagogsike arbeidet i eget firma.<\/p>\n<p>[\/et_pb_text][\/et_pb_column][et_pb_column type=&raquo;1_3&#8243; _builder_version=&raquo;4.0.9&#8243;][et_pb_image src=&raquo;http:\/\/www.inap.no\/inwp\/wp-content\/uploads\/2024\/04\/Skjermbilde-2019-03-24-kl.-09.13.33-1-e1714326069573.png&raquo; align=&raquo;center&raquo; _builder_version=&raquo;4.0.9&#8243; box_shadow_style=&raquo;preset2&#8243;][\/et_pb_image][et_pb_text _builder_version=&raquo;4.0.9&#8243; text_font=&raquo;Montserrat||||||||&raquo;]<\/p>\n<p><strong>STYREMEDLEM<\/strong><\/p>\n<p class=\"et_pb_module_header\">Erling-Andre Kvistad Nilsen<\/p>\n<p class=\"font_8\"><span class=\"color_15\"><span>Erling er fra \u00c5lesund og har jobbet som kontaktl\u00e6rer og fagl\u00e6rer i over 15 \u00e5r.\u00a0 Han er utdannet fagl\u00e6rer i musikk, norsk og matematikk, men har i de siste \u00e5rene v\u00e6rt PP-r\u00e5dgiver i \u00c5lesund kommune. <br \/><\/span><span style=\"font-size: 14px;\"><br \/>Erling satt i 2017 i Utdanningsdirektoratets faggruppe i musikk for utarbeiding av de nye kjerneelementene i faget. Les mer<\/span><span style=\"font-size: 14px;\">\u00a0<\/span><a href=\"https:\/\/www.udir.no\/laring-og-trivsel\/lareplanverket\/fagfornyelsen\/kjerneelementgruppene\/\" style=\"font-size: 14px;\">her<\/a><span style=\"font-size: 14px;\">.\u00a0 Erling er l\u00e6reverkforfatter for l\u00e6reverket Matemagisk 1.-4- til<\/span><span style=\"font-size: 14px;\">\u00a0<\/span><a href=\"https:\/\/aunivers.lokus.no\/marked\/barneskole\/laeremidler-1.-7\/matemagisk\" style=\"font-size: 14px;\">Aschehoug Skole.<\/a><span><\/span><\/span><\/p>\n<p class=\"font_8\"><span class=\"color_15\">Erling er kursholder p\u00e5 kurs for Nyborg Pedagogikk. Han er ogs\u00e5 sertifisert veileder i<span>\u00a0<\/span><a href=\"https:\/\/www.iakmnorge.no\/untitled\"><\/a><\/span><span class=\"color_15\"><a href=\"https:\/\/www.iakmnorge.no\/untitled\"><\/a><\/span><span class=\"color_15\"><a href=\"https:\/\/www.iakmnorge.no\/untitled\">Karlstadmodellen<\/a><\/span><span>,<\/span><span>\u00a0<\/span>og har etablert kompetansefirmaet<span>\u00a0<\/span><a href=\"https:\/\/www.kvistkompetanse.no\/\">Kvist Kompetanse<\/a>.<\/p>\n<p>[\/et_pb_text][\/et_pb_column][\/et_pb_row][\/et_pb_section]<\/p>\n","protected":false},"excerpt":{"rendered":"<p>[et_pb_section fb_built=&raquo;1&#8243; _builder_version=&raquo;4.0.9&#8243;][et_pb_row _builder_version=&raquo;4.0.9&#8243;][et_pb_column type=&raquo;4_4&#8243; _builder_version=&raquo;4.0.9&#8243;][et_pb_text _builder_version=&raquo;4.0.9&#8243; text_font=&raquo;Montserrat|700|||||||&raquo; text_text_color=&raquo;#000000&#8243; text_font_size=&raquo;39px&raquo;] OM INAP [\/et_pb_text][\/et_pb_column][\/et_pb_row][\/et_pb_section][et_pb_section fb_built=&raquo;1&#8243; prev_background_color=&raquo;#ffffff&raquo; next_background_color=&raquo;#ffffff&raquo; _builder_version=&raquo;4.0.9&#8243; background_color=&raquo;#38f9d7&#8243; top_divider_style=&raquo;wave2&#8243; bottom_divider_style=&raquo;curve2&#8243;][et_pb_row column_structure=&raquo;1_3,1_3,1_3&#8243; _builder_version=&raquo;4.0.9&#8243; min_height=&raquo;773px&raquo; custom_margin=&raquo;28px|auto||auto||&raquo;][et_pb_column type=&raquo;1_3&#8243; _builder_version=&raquo;4.0.9&#8243;][et_pb_text _builder_version=&raquo;4.0.9&#8243; background_color=&raquo;#ffffff&raquo; custom_padding=&raquo;20px|20px|20px|20px|false|false&raquo; box_shadow_style=&raquo;preset2&#8243;] OM INAP INAP er en ideell stiftelse for forskning, forskningsformidling, utvikling og nettverk som bygger p\u00e5 Nyborg-modellen. Den pedagogiske grunnlagstenkningen er utviklet og dokumentert av [&hellip;]<\/p>\n","protected":false},"author":2,"featured_media":0,"parent":0,"menu_order":0,"comment_status":"closed","ping_status":"closed","template":"","meta":{"_et_pb_use_builder":"on","_et_pb_old_content":"<!-- wp:divi\/placeholder \/-->","footnotes":""},"class_list":["post-666","page","type-page","status-publish","hentry"],"_links":{"self":[{"href":"http:\/\/www.inap.no\/inwp\/wp-json\/wp\/v2\/pages\/666","targetHints":{"allow":["GET"]}}],"collection":[{"href":"http:\/\/www.inap.no\/inwp\/wp-json\/wp\/v2\/pages"}],"about":[{"href":"http:\/\/www.inap.no\/inwp\/wp-json\/wp\/v2\/types\/page"}],"author":[{"embeddable":true,"href":"http:\/\/www.inap.no\/inwp\/wp-json\/wp\/v2\/users\/2"}],"replies":[{"embeddable":true,"href":"http:\/\/www.inap.no\/inwp\/wp-json\/wp\/v2\/comments?post=666"}],"version-history":[{"count":28,"href":"http:\/\/www.inap.no\/inwp\/wp-json\/wp\/v2\/pages\/666\/revisions"}],"predecessor-version":[{"id":1508,"href":"http:\/\/www.inap.no\/inwp\/wp-json\/wp\/v2\/pages\/666\/revisions\/1508"}],"wp:attachment":[{"href":"http:\/\/www.inap.no\/inwp\/wp-json\/wp\/v2\/media?parent=666"}],"curies":[{"name":"wp","href":"https:\/\/api.w.org\/{rel}","templated":true}]}}