{"id":616,"date":"2020-03-22T20:45:45","date_gmt":"2020-03-22T19:45:45","guid":{"rendered":"http:\/\/www.inap.no\/inwp\/?page_id=616"},"modified":"2025-11-16T12:06:57","modified_gmt":"2025-11-16T11:06:57","slug":"hjem","status":"publish","type":"page","link":"http:\/\/www.inap.no\/inwp\/","title":{"rendered":"HJEM"},"content":{"rendered":"<p>[et_pb_section fb_built=&raquo;1&#8243; _builder_version=&raquo;4.0.9&#8243; custom_padding=&raquo;||0px|||&raquo;][et_pb_row _builder_version=&raquo;4.0.9&#8243;][et_pb_column type=&raquo;4_4&#8243; _builder_version=&raquo;4.0.9&#8243;][et_pb_text _builder_version=&raquo;4.0.9&#8243; text_font=&raquo;Montserrat|700||||on|||&raquo; text_text_color=&raquo;#000000&#8243; text_font_size=&raquo;74px&raquo; text_line_height=&raquo;1em&raquo; min_height=&raquo;182px&raquo;]<\/p>\n<p style=\"text-align: center;\">institutt for anvendt pedagogikk<\/p>\n<p>[\/et_pb_text][\/et_pb_column][\/et_pb_row][et_pb_row _builder_version=&raquo;4.0.9&#8243; custom_margin=&raquo;-39px|auto||auto||&raquo;][et_pb_column type=&raquo;4_4&#8243; _builder_version=&raquo;4.0.9&#8243;][et_pb_text _builder_version=&raquo;4.0.9&#8243; text_font=&raquo;Montserrat||||||||&raquo; text_font_size=&raquo;21px&raquo;]<\/p>\n<p style=\"text-align: center;\">INAP er en stiftelse for nettverksbygging og formidling av professor dr.phil. Magne Nyborg sine l\u00e6ringsteorier. Ogs\u00e5 kjent som Systematisk Begrepsundervisning eller nyborgmodellene.<\/p>\n<p>[\/et_pb_text][et_pb_button button_url=&raquo;https:\/\/www.inap.no\/inwp\/inap-webinar\/&raquo; button_text=&raquo;Info og p\u00e5melding til INAP-webinar 19.jan.26&#8243; button_alignment=&raquo;center&raquo; _builder_version=&raquo;4.0.9&#8243; custom_button=&raquo;on&raquo; button_text_color=&raquo;#000000&#8243; button_bg_color=&raquo;#43e97b&raquo; button_border_radius=&raquo;16px&raquo; button_font=&raquo;|||||on|||&raquo; hover_enabled=&raquo;0&#8243;][\/et_pb_button][\/et_pb_column][\/et_pb_row][\/et_pb_section][et_pb_section fb_built=&raquo;1&#8243; fullwidth=&raquo;on&raquo; _builder_version=&raquo;4.0.9&#8243; top_divider_style=&raquo;wave2&#8243; top_divider_color=&raquo;#ffffff&raquo; bottom_divider_style=&raquo;curve2&#8243; bottom_divider_color=&raquo;#ffffff&raquo;][et_pb_fullwidth_image src=&raquo;http:\/\/www.inap.no\/inwp\/wp-content\/uploads\/2024\/05\/DSC01405-scaled.jpg&raquo; _builder_version=&raquo;4.0.9&#8243;][\/et_pb_fullwidth_image][\/et_pb_section][et_pb_section fb_built=&raquo;1&#8243; prev_background_color=&raquo;#ffffff&raquo; _builder_version=&raquo;4.0.9&#8243; background_color=&raquo;#38f9d7&#8243; min_height=&raquo;7270px&raquo; custom_margin=&raquo;42px|||||&raquo; custom_padding=&raquo;88px|||||&raquo; top_divider_style=&raquo;wave2&#8243;][et_pb_row column_structure=&raquo;1_3,1_3,1_3&#8243; _builder_version=&raquo;4.0.9&#8243;][et_pb_column type=&raquo;1_3&#8243; _builder_version=&raquo;4.0.9&#8243;][et_pb_text _builder_version=&raquo;4.0.9&#8243; text_font=&raquo;Montserrat|700|||||||&raquo; text_font_size=&raquo;23px&raquo;]<\/p>\n<p style=\"text-align: center;\">LITTERATUR<\/p>\n<p>[\/et_pb_text][et_pb_blog include_categories=&raquo;31&#8243; show_author=&raquo;off&raquo; show_date=&raquo;off&raquo; _builder_version=&raquo;4.0.9&#8243;][\/et_pb_blog][\/et_pb_column][et_pb_column type=&raquo;1_3&#8243; _builder_version=&raquo;4.0.9&#8243;][et_pb_text _builder_version=&raquo;4.0.9&#8243; text_font=&raquo;Montserrat|700|||||||&raquo; text_font_size=&raquo;23px&raquo;]<\/p>\n<p style=\"text-align: center;\">NYHETER<\/p>\n<p>[\/et_pb_text][et_pb_blog include_categories=&raquo;33&#8243; excerpt_length=&raquo;300&#8243; show_more=&raquo;on&raquo; show_author=&raquo;off&raquo; show_categories=&raquo;off&raquo; show_pagination=&raquo;off&raquo; _builder_version=&raquo;4.0.9&#8243; hover_enabled=&raquo;0&#8243;][\/et_pb_blog][\/et_pb_column][et_pb_column type=&raquo;1_3&#8243; _builder_version=&raquo;4.0.9&#8243;][et_pb_testimonial author=&raquo;Tone Ravndal Papworth.                         Pedagog &#038; Kursholder&raquo; portrait_url=&raquo;http:\/\/www.inap.no\/inwp\/wp-content\/uploads\/2020\/03\/tone-e1584980359257.png&raquo; quote_icon_color=&raquo;#43e97b&raquo; _builder_version=&raquo;4.0.9&#8243; box_shadow_style=&raquo;preset2&#8243;]<\/p>\n<p>Det har v\u00e6rt skikkelig fint \u00e5 ha dette f\u00f8r jeg begynte \u00e5 studere. For da har jeg kunnet sammenligne alt jeg har l\u00e6rt p\u00e5 l\u00e6rerstudiet med Nyborg, s\u00e5 jeg har hatt noen knagger \u00e5 henge alt p\u00e5.\u00a0<\/p>\n<p>&nbsp;<\/p>\n<p>Det har ogs\u00e5 gjort at jeg har blitt enda mer trygg p\u00e5 Nyborg, fordi nesten alt det jeg har lest p\u00e5 skolen passer godt inn i det jeg allerede kan. Det er ikke s\u00e5nn veldig motstridende l\u00e6ringsteorier, s\u00e5 de passer inn i Nyborg sin modell.\u00a0<\/p>\n<p>[\/et_pb_testimonial][et_pb_video src=&raquo;https:\/\/youtu.be\/8a6OBczPOvo&raquo; _builder_version=&raquo;4.0.9&#8243; box_shadow_style=&raquo;preset2&#8243;][\/et_pb_video][et_pb_testimonial author=&raquo;ELIN NAT\u00c5S                                                   Pedagog &#038; forfatter&raquo; portrait_url=&raquo;http:\/\/www.inap.no\/inwp\/wp-content\/uploads\/2020\/03\/Anne-Lene-og-Elin-165.jpg&raquo; quote_icon_color=&raquo;#43e97b&raquo; _builder_version=&raquo;4.0.9&#8243; box_shadow_style=&raquo;preset2&#8243;]<\/p>\n<p>Jeg vet hvordan dette har fungert p\u00e5 meg, og hvordan dette har fungert p\u00e5 s\u00f8nnen min, og han hadde det g\u00e5tt veldig d\u00e5rlig med. Han sier den dag i dag at &laquo;mamma dette, som Ragnhild og Magne Nyborg har gjort, og hjulpet oss med, m\u00e5 du bare f\u00e5 ut til hele verden!&raquo;<\/p>\n<p>\u00a0<span style=\"font-size: 14px;\">Det burde ikke v\u00e6rt n\u00f8dvendig \u00e5 m\u00e5tte g\u00e5 til privatl\u00e6rer. Dette skal v\u00e6re for alle i barnehagene og i skolene.\u00a0<\/span><\/p>\n<p>[\/et_pb_testimonial][et_pb_video src=&raquo;https:\/\/youtu.be\/PgkJ-OVTFkc&raquo; _builder_version=&raquo;4.0.9&#8243; box_shadow_style=&raquo;preset2&#8243;][\/et_pb_video][et_pb_testimonial author=&raquo;ERLING NILSEN.                          Pedagog &#038; l\u00e6reverksforfatter&raquo; portrait_url=&raquo;http:\/\/www.inap.no\/inwp\/wp-content\/uploads\/2020\/03\/Erling.png&raquo; quote_icon_color=&raquo;#43e97b&raquo; _builder_version=&raquo;4.0.9&#8243; box_shadow_style=&raquo;preset2&#8243;]<\/p>\n<p>Det er veldig g\u00f8y \u00e5 jobbe med BU fordi man med en gang ser om elevene forst\u00e5r det de driver med.\u00a0<\/p>\n<p>BU er viktig \u00e5 f\u00e5 inn i skolen fordi de grunnleggende begrepene er s\u00e5 grunnleggende i s\u00e5 mange fag, og er fagoverskridende. Det kan brukes bl.a. i matematikk, norsk, naturfag, musikk og i kropps\u00f8ving. Det er p\u00e5 en m\u00e5te ikke begrenset til et fag.<\/p>\n<p>[\/et_pb_testimonial][et_pb_text _builder_version=&raquo;4.0.9&#8243; text_font=&raquo;Montserrat|700|||||||&raquo; text_font_size=&raquo;23px&raquo;]<\/p>\n<p style=\"text-align: center;\">KURS OG KONFERANSER<\/p>\n<p>[\/et_pb_text][et_pb_blog post_type=&raquo;event&raquo; show_author=&raquo;off&raquo; show_date=&raquo;off&raquo; show_categories=&raquo;off&raquo; show_pagination=&raquo;off&raquo; _builder_version=&raquo;4.0.9&#8243;][\/et_pb_blog][\/et_pb_column][\/et_pb_row][\/et_pb_section]<\/p>\n","protected":false},"excerpt":{"rendered":"<p>[et_pb_section fb_built=&raquo;1&#8243; _builder_version=&raquo;4.0.9&#8243; custom_padding=&raquo;||0px|||&raquo;][et_pb_row _builder_version=&raquo;4.0.9&#8243;][et_pb_column type=&raquo;4_4&#8243; _builder_version=&raquo;4.0.9&#8243;][et_pb_text _builder_version=&raquo;4.0.9&#8243; text_font=&raquo;Montserrat|700||||on|||&raquo; text_text_color=&raquo;#000000&#8243; text_font_size=&raquo;74px&raquo; text_line_height=&raquo;1em&raquo; min_height=&raquo;182px&raquo;] institutt for anvendt pedagogikk [\/et_pb_text][\/et_pb_column][\/et_pb_row][et_pb_row _builder_version=&raquo;4.0.9&#8243; custom_margin=&raquo;-39px|auto||auto||&raquo;][et_pb_column type=&raquo;4_4&#8243; _builder_version=&raquo;4.0.9&#8243;][et_pb_text _builder_version=&raquo;4.0.9&#8243; text_font=&raquo;Montserrat||||||||&raquo; text_font_size=&raquo;21px&raquo;] INAP er en stiftelse for nettverksbygging og formidling av professor dr.phil. Magne Nyborg sine l\u00e6ringsteorier. Ogs\u00e5 kjent som Systematisk Begrepsundervisning eller nyborgmodellene. [\/et_pb_text][et_pb_button button_url=&raquo;https:\/\/www.inap.no\/inwp\/inap-webinar\/&raquo; button_text=&raquo;Info og p\u00e5melding til INAP-webinar 19.jan.26&#8243; [&hellip;]<\/p>\n","protected":false},"author":2,"featured_media":0,"parent":0,"menu_order":0,"comment_status":"closed","ping_status":"closed","template":"","meta":{"_et_pb_use_builder":"on","_et_pb_old_content":"<!-- wp:divi\/placeholder \/-->","footnotes":""},"class_list":["post-616","page","type-page","status-publish","hentry"],"_links":{"self":[{"href":"http:\/\/www.inap.no\/inwp\/wp-json\/wp\/v2\/pages\/616","targetHints":{"allow":["GET"]}}],"collection":[{"href":"http:\/\/www.inap.no\/inwp\/wp-json\/wp\/v2\/pages"}],"about":[{"href":"http:\/\/www.inap.no\/inwp\/wp-json\/wp\/v2\/types\/page"}],"author":[{"embeddable":true,"href":"http:\/\/www.inap.no\/inwp\/wp-json\/wp\/v2\/users\/2"}],"replies":[{"embeddable":true,"href":"http:\/\/www.inap.no\/inwp\/wp-json\/wp\/v2\/comments?post=616"}],"version-history":[{"count":45,"href":"http:\/\/www.inap.no\/inwp\/wp-json\/wp\/v2\/pages\/616\/revisions"}],"predecessor-version":[{"id":1595,"href":"http:\/\/www.inap.no\/inwp\/wp-json\/wp\/v2\/pages\/616\/revisions\/1595"}],"wp:attachment":[{"href":"http:\/\/www.inap.no\/inwp\/wp-json\/wp\/v2\/media?parent=616"}],"curies":[{"name":"wp","href":"https:\/\/api.w.org\/{rel}","templated":true}]}}