{"id":1317,"date":"2024-04-29T14:11:50","date_gmt":"2024-04-29T12:11:50","guid":{"rendered":"https:\/\/www.inap.no\/inwp\/?page_id=1317"},"modified":"2026-01-09T19:09:32","modified_gmt":"2026-01-09T18:09:32","slug":"pamelding-webinar","status":"publish","type":"page","link":"http:\/\/www.inap.no\/inwp\/pamelding-webinar\/","title":{"rendered":"P\u00e5melding webinar"},"content":{"rendered":"<p>[et_pb_section fb_built=&raquo;1&#8243; _builder_version=&raquo;4.0.9&#8243; background_color=&raquo;#d6d6d6&#8243;][et_pb_row _builder_version=&raquo;4.0.9&#8243; hover_enabled=&raquo;0&#8243;][et_pb_column type=&raquo;4_4&#8243; _builder_version=&raquo;4.0.9&#8243;][et_pb_text admin_label=&raquo;Tekst&raquo; _builder_version=&raquo;4.0.9&#8243; text_text_color=&raquo;#0c71c3&#8243; hover_enabled=&raquo;0&#8243;]<\/p>\n<h2><strong>P\u00e5melding til webinar 19.jan.2026 kl 18-19.45<\/strong><\/h2>\n<p>[\/et_pb_text][et_pb_code _builder_version=&raquo;4.0.9&#8243;]<form id=\"forminator-module-1219\" class=\"forminator-custom-form forminator-custom-form-1219\" method=\"post\" data-forminator-render=\"0\" data-uid=\"69e3686151aad\"><div role=\"alert\" aria-live=\"polite\" class=\"forminator-response-message forminator-error\" aria-hidden=\"true\"><\/div><\/form>[\/et_pb_code][et_pb_text _builder_version=&raquo;4.0.9&#8243; text_font_size=&raquo;19px&raquo; background_color=&raquo;#0da0c5&#8243; custom_padding=&raquo;12px|12px|12px|12px|false|false&raquo; border_radii=&raquo;on|16px|16px|16px|16px&raquo;]<\/p>\n<p style=\"text-align: center;\"><span style=\"color: #ffffff;\">Om du \u00f8nsker \u00e5 melde deg inn i INAP for \u00e5 kunne delta gratis p\u00e5 v\u00e5re webinarer,<br \/> <\/span><span style=\"color: #ffffff; font-size: 19px;\">finner du link til innmeldingsskjema under.<\/span><\/p>\n<p style=\"text-align: center;\"><span style=\"color: #ffffff;\"> Personlig medlemskap: 340 pr kalender\u00e5r<\/span><br \/> <span style=\"color: #ffffff;\"> Organisasjonsmedlemskap: 750 pr kalender\u00e5r<\/span><\/p>\n<p>[\/et_pb_text][et_pb_button button_url=&raquo;https:\/\/www.inap.no\/inwp\/innmelding\/&raquo; button_text=&raquo;Bli medlem&raquo; button_alignment=&raquo;center&raquo; _builder_version=&raquo;4.0.9&#8243; custom_button=&raquo;on&raquo; button_text_color=&raquo;#ffffff&raquo; button_bg_color=&raquo;#e09900&#8243; button_border_color=&raquo;rgba(0,0,0,0)&raquo; button_border_radius=&raquo;27px&raquo; button_icon=&raquo;%%259%%&raquo; button_icon_color=&raquo;#ffffff&raquo; background_layout=&raquo;dark&raquo;][\/et_pb_button][\/et_pb_column][\/et_pb_row][\/et_pb_section]<\/p>\n","protected":false},"excerpt":{"rendered":"<p>[et_pb_section fb_built=&raquo;1&#8243; _builder_version=&raquo;4.0.9&#8243; background_color=&raquo;#d6d6d6&#8243;][et_pb_row _builder_version=&raquo;4.0.9&#8243; hover_enabled=&raquo;0&#8243;][et_pb_column type=&raquo;4_4&#8243; _builder_version=&raquo;4.0.9&#8243;][et_pb_text admin_label=&raquo;Tekst&raquo; _builder_version=&raquo;4.0.9&#8243; text_text_color=&raquo;#0c71c3&#8243; hover_enabled=&raquo;0&#8243;] P\u00e5melding til webinar 19.jan.2026 kl 18-19.45 [\/et_pb_text][et_pb_code _builder_version=&raquo;4.0.9&#8243;][\/et_pb_code][et_pb_text _builder_version=&raquo;4.0.9&#8243; text_font_size=&raquo;19px&raquo; background_color=&raquo;#0da0c5&#8243; custom_padding=&raquo;12px|12px|12px|12px|false|false&raquo; border_radii=&raquo;on|16px|16px|16px|16px&raquo;] Om du \u00f8nsker \u00e5 melde deg inn i INAP for \u00e5 kunne delta gratis p\u00e5 v\u00e5re webinarer, finner du link til innmeldingsskjema under. Personlig medlemskap: 340 pr kalender\u00e5r Organisasjonsmedlemskap: 750 [&hellip;]<\/p>\n","protected":false},"author":3,"featured_media":0,"parent":0,"menu_order":0,"comment_status":"closed","ping_status":"closed","template":"","meta":{"_et_pb_use_builder":"on","_et_pb_old_content":"","footnotes":""},"class_list":["post-1317","page","type-page","status-publish","hentry"],"_links":{"self":[{"href":"http:\/\/www.inap.no\/inwp\/wp-json\/wp\/v2\/pages\/1317","targetHints":{"allow":["GET"]}}],"collection":[{"href":"http:\/\/www.inap.no\/inwp\/wp-json\/wp\/v2\/pages"}],"about":[{"href":"http:\/\/www.inap.no\/inwp\/wp-json\/wp\/v2\/types\/page"}],"author":[{"embeddable":true,"href":"http:\/\/www.inap.no\/inwp\/wp-json\/wp\/v2\/users\/3"}],"replies":[{"embeddable":true,"href":"http:\/\/www.inap.no\/inwp\/wp-json\/wp\/v2\/comments?post=1317"}],"version-history":[{"count":19,"href":"http:\/\/www.inap.no\/inwp\/wp-json\/wp\/v2\/pages\/1317\/revisions"}],"predecessor-version":[{"id":1606,"href":"http:\/\/www.inap.no\/inwp\/wp-json\/wp\/v2\/pages\/1317\/revisions\/1606"}],"wp:attachment":[{"href":"http:\/\/www.inap.no\/inwp\/wp-json\/wp\/v2\/media?parent=1317"}],"curies":[{"name":"wp","href":"https:\/\/api.w.org\/{rel}","templated":true}]}}